{"id":21,"date":"2023-02-17T16:34:24","date_gmt":"2023-02-17T16:34:24","guid":{"rendered":"https:\/\/rueeggkamin.ch\/?page_id=21"},"modified":"2025-08-04T10:50:54","modified_gmt":"2025-08-04T10:50:54","slug":"21-2","status":"publish","type":"page","link":"https:\/\/rueeggkamin.ch\/?page_id=21","title":{"rendered":""},"content":{"rendered":"\n<h2 class=\"wp-block-heading\">\u00dcber uns<\/h2>\n\n\n\n<p>Viele Jahre f\u00fchrte <strong>Werner R\u00fcegg<\/strong> mit Herzblut unser Kaminfegerunternehmen.<br>Seit <strong>2024<\/strong> wird der Familienbetrieb von seiner Tochter <strong>Rebekka R\u00fcegg<\/strong> und ihrem Ehemann <strong>Daniel Ramsauer<\/strong> weitergef\u00fchrt.<\/p>\n\n\n\n<p>Als <strong>traditionsbewusstes Kaminfegerunternehmen im Familienbesitz<\/strong> verbinden wir langj\u00e4hrige Erfahrung mit frischen Ideen \u2013 und sorgen daf\u00fcr, dass es bei Ihnen zuhause sicher und behaglich bleibt.<\/p>\n\n\n\n<p>Ob Reinigungen an Ihrer W\u00e4rmetechnischen Anlage, Feuerungskontrolle oder andere Arbeiten vor Ort \u2013 <strong>Daniel Ramsauer<\/strong> und unser erfahrener Mitarbeiter <strong>Simon Brunner<\/strong> sind f\u00fcr unsere Kundschaft zuverl\u00e4ssig unterwegs.<\/p>\n","protected":false},"excerpt":{"rendered":"<p>\u00dcber uns Viele Jahre f\u00fchrte Werner R\u00fcegg mit Herzblut unser Kaminfegerunternehmen.Seit 2024 wird der Familienbetrieb von seiner Tochter Rebekka R\u00fcegg und ihrem [&hellip;]<\/p>\n","protected":false},"author":1,"featured_media":0,"parent":0,"menu_order":0,"comment_status":"closed","ping_status":"closed","template":"","meta":{"footnotes":""},"class_list":["post-21","page","type-page","status-publish","hentry"],"_links":{"self":[{"href":"https:\/\/rueeggkamin.ch\/index.php?rest_route=\/wp\/v2\/pages\/21","targetHints":{"allow":["GET"]}}],"collection":[{"href":"https:\/\/rueeggkamin.ch\/index.php?rest_route=\/wp\/v2\/pages"}],"about":[{"href":"https:\/\/rueeggkamin.ch\/index.php?rest_route=\/wp\/v2\/types\/page"}],"author":[{"embeddable":true,"href":"https:\/\/rueeggkamin.ch\/index.php?rest_route=\/wp\/v2\/users\/1"}],"replies":[{"embeddable":true,"href":"https:\/\/rueeggkamin.ch\/index.php?rest_route=%2Fwp%2Fv2%2Fcomments&post=21"}],"version-history":[{"count":3,"href":"https:\/\/rueeggkamin.ch\/index.php?rest_route=\/wp\/v2\/pages\/21\/revisions"}],"predecessor-version":[{"id":82,"href":"https:\/\/rueeggkamin.ch\/index.php?rest_route=\/wp\/v2\/pages\/21\/revisions\/82"}],"wp:attachment":[{"href":"https:\/\/rueeggkamin.ch\/index.php?rest_route=%2Fwp%2Fv2%2Fmedia&parent=21"}],"curies":[{"name":"wp","href":"https:\/\/api.w.org\/{rel}","templated":true}]}}