{"id":17,"date":"2017-10-17T16:49:14","date_gmt":"2017-10-17T16:49:14","guid":{"rendered":"http:\/\/rueeggkamin.ch\/?page_id=17"},"modified":"2026-03-26T21:31:06","modified_gmt":"2026-03-26T21:31:06","slug":"home-2","status":"publish","type":"page","link":"https:\/\/rueeggkamin.ch\/","title":{"rendered":""},"content":{"rendered":"\n<p class=\"has-text-align-center has-x-large-font-size\">Erfahren Sie mehr \u00fcber uns<\/p>\n\n\n\n<h1 class=\"wp-block-heading has-text-align-center\">Kaminfegerei R\u00fcegg GmbH \u2013 Ihr zuverl\u00e4ssiger Partner rund um Feuerungsanlagen<\/h1>\n\n\n\n<h2 class=\"wp-block-heading has-text-align-center\">&#x1f3e0; <\/h2>\n\n\n\n<p class=\"has-text-align-center\">Sauber. Sicher. Pers\u00f6nlich<\/p>\n\n\n\n<p class=\"has-text-align-center\">Als Familienbetrieb k\u00fcmmern wir uns zuverl\u00e4ssig um Ihre Feuerungsanlagen \u2013 von der gr\u00fcndlichen Reinigung \u00fcber gesetzliche Kontrollen bis hin zu fachgerechten Servicearbeiten.<br>Mit Erfahrung, Sorgfalt und Leidenschaft sorgen wir daf\u00fcr, dass bei Ihnen alles einwandfrei funktioniert.<\/p>\n\n\n\n<p class=\"has-text-align-center\">Wir stehen f\u00fcr:<\/p>\n\n\n\n<ul class=\"wp-block-list\">\n<li>&#x1f525; saubere und zuverl\u00e4ssige Arbeit<\/li>\n\n\n\n<li>&#x1f6e0;&#xfe0f; fachliche Kompetenz und Erfahrung<\/li>\n\n\n\n<li>&#x1f91d; pers\u00f6nliche Beratung und Betreuung<\/li>\n<\/ul>\n\n\n\n<p class=\"has-text-align-center\">Vertrauen Sie auf einen Partner aus der Region, der f\u00fcr Qualit\u00e4t und Sicherheit steht!<\/p>\n\n\n\n<p class=\"has-text-align-center\"><\/p>\n\n\n\n<p><\/p>\n\n\n\n<p class=\"has-text-align-center has-vivid-red-color has-text-color has-link-color has-large-font-size wp-elements-988d7ac9fb3f35356ea1985867ba5b5b\">&#x1f31e;NEU AB SOMMER 2026:<\/p>\n\n\n\n<p class=\"has-text-align-center has-vivid-red-color has-text-color has-link-color has-medium-font-size wp-elements-1aa087a4da43fe56b8a039340a209aea\">Reinigung von Solar- und PV-Anlagen &#8211; f\u00fcr maximale Leistung und langfristig hohe Effizienz<\/p>\n\n\n\n<p class=\"has-text-align-center has-vivid-red-color has-text-color has-link-color has-medium-font-size wp-elements-f5d12c7fd4ffd229fea62af4ed3f7e40\"> <a href=\"https:\/\/rueeggkamin.ch\/?page_id=32\">&#x1f449; Besichtigung anfragen<\/a><\/p>\n\n\n\n<p class=\"has-vivid-red-color has-text-color has-link-color has-medium-font-size wp-elements-89c0897f668c445c3bf10f2af1913c91\"><\/p>\n\n\n\n<h2 class=\"wp-block-heading has-text-align-center has-global-color-6-color has-text-color has-link-color wp-elements-92f6b8a3b034222228656c0f96769dba\"> &#x1f4de; Jetzt Kontakt aufnehmen<\/h2>\n\n\n\n<p class=\"has-text-align-center\">Haben Sie Fragen oder m\u00f6chten einen Termin vereinbaren?<br>Wir sind gerne f\u00fcr Sie da \u2013 schnell, unkompliziert und pers\u00f6nlich.<\/p>\n\n\n\n<p class=\"has-text-align-center\"><a href=\"tel:+41449352346\" style=\"display:inline-block; background:#ff6a00; color:#fff; padding:12px 18px; border-radius:6px; text-decoration:none; font-weight:bold; margin-right:10px;\">\n&#x1f4de; Jetzt anrufen\n<\/a>\n\n<a href=\"https:\/\/rueeggkamin.ch\/?page_id=32\" style=\"display:inline-block; background:#333; color:#fff; padding:12px 18px; border-radius:6px; text-decoration:none; font-weight:bold;\">\n&#x1f4e7; Nachricht senden\n<\/a><\/p>\n\n\n\n<p class=\"has-text-align-center\"><\/p>\n","protected":false},"excerpt":{"rendered":"<p>Erfahren Sie mehr \u00fcber uns Kaminfegerei R\u00fcegg GmbH \u2013 Ihr zuverl\u00e4ssiger Partner rund um Feuerungsanlagen &#x1f3e0; Sauber. Sicher. Pers\u00f6nlich Als Familienbetrieb k\u00fcmmern [&hellip;]<\/p>\n","protected":false},"author":1,"featured_media":0,"parent":0,"menu_order":0,"comment_status":"closed","ping_status":"closed","template":"","meta":{"footnotes":""},"class_list":["post-17","page","type-page","status-publish","hentry"],"_links":{"self":[{"href":"https:\/\/rueeggkamin.ch\/index.php?rest_route=\/wp\/v2\/pages\/17","targetHints":{"allow":["GET"]}}],"collection":[{"href":"https:\/\/rueeggkamin.ch\/index.php?rest_route=\/wp\/v2\/pages"}],"about":[{"href":"https:\/\/rueeggkamin.ch\/index.php?rest_route=\/wp\/v2\/types\/page"}],"author":[{"embeddable":true,"href":"https:\/\/rueeggkamin.ch\/index.php?rest_route=\/wp\/v2\/users\/1"}],"replies":[{"embeddable":true,"href":"https:\/\/rueeggkamin.ch\/index.php?rest_route=%2Fwp%2Fv2%2Fcomments&post=17"}],"version-history":[{"count":19,"href":"https:\/\/rueeggkamin.ch\/index.php?rest_route=\/wp\/v2\/pages\/17\/revisions"}],"predecessor-version":[{"id":156,"href":"https:\/\/rueeggkamin.ch\/index.php?rest_route=\/wp\/v2\/pages\/17\/revisions\/156"}],"wp:attachment":[{"href":"https:\/\/rueeggkamin.ch\/index.php?rest_route=%2Fwp%2Fv2%2Fmedia&parent=17"}],"curies":[{"name":"wp","href":"https:\/\/api.w.org\/{rel}","templated":true}]}}